{"id":1129,"date":"2019-01-16T16:29:37","date_gmt":"2019-01-16T15:29:37","guid":{"rendered":"https:\/\/www.advacom.pl\/?page_id=1129"},"modified":"2019-02-04T11:00:24","modified_gmt":"2019-02-04T10:00:24","slug":"authorizations","status":"publish","type":"page","link":"https:\/\/www.advacom.pl\/en\/authorizations\/","title":{"rendered":"Authorizations"},"content":{"rendered":"<div class=\"wpb-content-wrapper\"><p>[vc_row padding_top_multiplier=&#8221;2x&#8221; padding_bottom_multiplier=&#8221;2x&#8221;][vc_column]<h2 class=\"grve-element grve-title grve-align-left grve-h3\" style=\"\"><span>Why work with us<span class=\"grve-title-line grve-bg-primary-1\" style=\"width: 150px;height: 2px;\"><\/span><\/span><\/h2>[vc_column_text]The professionalism of AdvaCom was appreciated by well known global manufacturers of computer hardware and software, who have granted us their authorizations.<\/p>\n<p>Many authorizations were granted in the previous century and are still being renewed. This demonstrates the very high level of knowledge of solutions for individual manufacturers.<\/p>\n<p>Their authorizations allow the AdvaCom employees to have access to technical support and knowledge bases of individual manufacturers, which enables rapid and effective solving of problems which may occur when implementing advanced IT products.[\/vc_column_text][\/vc_column][\/vc_row][vc_row bg_type=&#8221;color&#8221; padding_top_multiplier=&#8221;3x&#8221; bg_color=&#8221;#f7f7f7&#8243;][vc_column]<h2 class=\"grve-element grve-title grve-align-left grve-h3\" style=\"\"><span>Check our authorizations<span class=\"grve-title-line grve-bg-primary-1\" style=\"width: 150px;height: 2px;\"><\/span><\/span><\/h2>[\/vc_column][\/vc_row][vc_row bg_type=&#8221;color&#8221; bg_color=&#8221;#f7f7f7&#8243;][vc_column width=&#8221;1\/3&#8243;]<div class=\"grve-element grve-box-icon grve-large grve-top-icon grve-align-center extra-shadow\" style=\"\"><a href=\"https:\/\/www.advacom.pl\/en\/authorizations\/computer-hardware\/\"><div class=\"grve-wrapper-icon grve-no-shape\" style=\"\"><i class=\"grve-text-primary-1 smp-icon-screen-desktop\"><\/i><\/div><div class=\"grve-box-content\"><div class=\"grve-box-title-wrapper\"><h3 class=\"grve-box-title grve-h6\">Computer hardware<\/h3><\/div>  <p class=\"\">AdvaCom was granted authorizations by multiple important manufacturers of servers, computers, mass storage devices and peripherals.<\/p><\/div><\/a><\/div>[\/vc_column][vc_column width=&#8221;1\/3&#8243;]<div class=\"grve-element grve-box-icon grve-large grve-top-icon grve-align-center extra-shadow\" style=\"\"><a href=\"https:\/\/www.advacom.pl\/en\/authorizations\/software\/\"><div class=\"grve-wrapper-icon grve-no-shape\" style=\"\"><i class=\"grve-text-primary-1 smp-icon-disc\"><\/i><\/div><div class=\"grve-box-content\"><div class=\"grve-box-title-wrapper\"><h3 class=\"grve-box-title grve-h6\">Software<\/h3><\/div>  <p class=\"\">We have obtained authorizations from most important developers of system software and software which increases system efficiency.<\/p><\/div><\/a><\/div>[\/vc_column][vc_column width=&#8221;1\/3&#8243;]<div class=\"grve-element grve-box-icon grve-large grve-top-icon grve-align-center extra-shadow\" style=\"\"><a href=\"https:\/\/www.advacom.pl\/en\/authorizations\/computer-networking-devices\/\"><div class=\"grve-wrapper-icon grve-no-shape\" style=\"\"><i class=\"grve-text-primary-1 smp-icon-feed\"><\/i><\/div><div class=\"grve-box-content\"><div class=\"grve-box-title-wrapper\"><h3 class=\"grve-box-title grve-h6\">Computer networking devices<\/h3><\/div>  <p class=\"\">We have gained extensive experience with the most important global manufacturers of devices used to create computer networks.<\/p><\/div><\/a><\/div>[\/vc_column][\/vc_row][vc_row bg_type=&#8221;color&#8221; padding_bottom_multiplier=&#8221;3x&#8221; bg_color=&#8221;#f7f7f7&#8243;][vc_column width=&#8221;1\/3&#8243;]<div class=\"grve-element grve-box-icon grve-large grve-top-icon grve-align-center extra-shadow\" style=\"\"><a href=\"https:\/\/www.advacom.pl\/en\/authorizations\/security-systems\/\"><div class=\"grve-wrapper-icon grve-no-shape\" style=\"\"><i class=\"grve-text-primary-1 smp-icon-lock\"><\/i><\/div><div class=\"grve-box-content\"><div class=\"grve-box-title-wrapper\"><h3 class=\"grve-box-title grve-h6\">Security systems<\/h3><\/div>  <p class=\"\">Our cooperation with the global suppliers of devices and software has resulted in us gaining many valuable authorizations.<\/p><\/div><\/a><\/div>[\/vc_column][vc_column width=&#8221;1\/3&#8243;]<div class=\"grve-element grve-box-icon grve-large grve-top-icon grve-align-center extra-shadow\" style=\"\"><a href=\"https:\/\/www.advacom.pl\/en\/authorizations\/structural-cabling-systems\/\"><div class=\"grve-wrapper-icon grve-no-shape\" style=\"\"><i class=\"grve-text-primary-1 smp-icon-shuffle\"><\/i><\/div><div class=\"grve-box-content\"><div class=\"grve-box-title-wrapper\"><h3 class=\"grve-box-title grve-h6\">Structural cabling systems<\/h3><\/div>  <p class=\"\">We work with all the important manufacturers of cabling systems.<\/p><\/div><\/a><\/div>[\/vc_column][vc_column width=&#8221;1\/3&#8243;][\/vc_column][\/vc_row]<\/p>\n<\/div>","protected":false},"excerpt":{"rendered":"<p>[vc_row padding_top_multiplier=&#8221;2x&#8221; padding_bottom_multiplier=&#8221;2x&#8221;][vc_column][vc_column_text]The professionalism of AdvaCom was appreciated by well known global manufacturers of computer hardware and software, who have granted us their authorizations. Many authorizations were granted in the previous century and are still being renewed. This demonstrates the very high level of knowledge of solutions for individual manufacturers. Their authorizations allow the AdvaCom [&hellip;]<\/p>\n","protected":false},"author":4,"featured_media":0,"parent":0,"menu_order":0,"comment_status":"closed","ping_status":"closed","template":"","meta":{"footnotes":""},"class_list":["post-1129","page","type-page","status-publish","hentry"],"yoast_head":"<!-- This site is optimized with the Yoast SEO plugin v27.4 - https:\/\/yoast.com\/product\/yoast-seo-wordpress\/ -->\n<title>AdvaCom - autoryzacje to dost\u0119p do wiedzy i wsparcie producent\u00f3w<\/title>\n<meta name=\"description\" content=\"Dzi\u0119ki posiadanym autoryzacjom pracownicy AdvaCom dysponuj\u0105 dost\u0119pem do wsparcia technicznego i baz wiedzy poszczeg\u00f3lnych producent\u00f3w, co pozwala w spos\u00f3b szybki i efektywny rozwi\u0105zywa\u0107 problemy, jakie mog\u0105 si\u0119 pojawia\u0107 przy wdra\u017caniu zaawansowanych produkt\u00f3w informatycznych\" \/>\n<meta name=\"robots\" content=\"index, follow, max-snippet:-1, max-image-preview:large, max-video-preview:-1\" \/>\n<link rel=\"canonical\" href=\"https:\/\/www.advacom.pl\/en\/authorizations\/\" \/>\n<meta property=\"og:locale\" content=\"en_US\" \/>\n<meta property=\"og:type\" content=\"article\" \/>\n<meta property=\"og:title\" content=\"AdvaCom - autoryzacje to dost\u0119p do wiedzy i wsparcie producent\u00f3w\" \/>\n<meta property=\"og:description\" content=\"Dzi\u0119ki posiadanym autoryzacjom pracownicy AdvaCom dysponuj\u0105 dost\u0119pem do wsparcia technicznego i baz wiedzy poszczeg\u00f3lnych producent\u00f3w, co pozwala w spos\u00f3b szybki i efektywny rozwi\u0105zywa\u0107 problemy, jakie mog\u0105 si\u0119 pojawia\u0107 przy wdra\u017caniu zaawansowanych produkt\u00f3w informatycznych\" \/>\n<meta property=\"og:url\" content=\"https:\/\/www.advacom.pl\/en\/authorizations\/\" \/>\n<meta property=\"og:site_name\" content=\"AdvaCom\" \/>\n<meta property=\"article:modified_time\" content=\"2019-02-04T10:00:24+00:00\" \/>\n<meta name=\"twitter:card\" content=\"summary_large_image\" \/>\n<meta name=\"twitter:label1\" content=\"Est. reading time\" \/>\n\t<meta name=\"twitter:data1\" content=\"2 minutes\" \/>\n<script type=\"application\/ld+json\" class=\"yoast-schema-graph\">{\"@context\":\"https:\\\/\\\/schema.org\",\"@graph\":[{\"@type\":\"WebPage\",\"@id\":\"https:\\\/\\\/www.advacom.pl\\\/en\\\/authorizations\\\/\",\"url\":\"https:\\\/\\\/www.advacom.pl\\\/en\\\/authorizations\\\/\",\"name\":\"AdvaCom - autoryzacje to dost\u0119p do wiedzy i wsparcie producent\u00f3w\",\"isPartOf\":{\"@id\":\"https:\\\/\\\/www.advacom.pl\\\/en\\\/#website\"},\"datePublished\":\"2019-01-16T15:29:37+00:00\",\"dateModified\":\"2019-02-04T10:00:24+00:00\",\"description\":\"Dzi\u0119ki posiadanym autoryzacjom pracownicy AdvaCom dysponuj\u0105 dost\u0119pem do wsparcia technicznego i baz wiedzy poszczeg\u00f3lnych producent\u00f3w, co pozwala w spos\u00f3b szybki i efektywny rozwi\u0105zywa\u0107 problemy, jakie mog\u0105 si\u0119 pojawia\u0107 przy wdra\u017caniu zaawansowanych produkt\u00f3w informatycznych\",\"breadcrumb\":{\"@id\":\"https:\\\/\\\/www.advacom.pl\\\/en\\\/authorizations\\\/#breadcrumb\"},\"inLanguage\":\"en-US\",\"potentialAction\":[{\"@type\":\"ReadAction\",\"target\":[\"https:\\\/\\\/www.advacom.pl\\\/en\\\/authorizations\\\/\"]}]},{\"@type\":\"BreadcrumbList\",\"@id\":\"https:\\\/\\\/www.advacom.pl\\\/en\\\/authorizations\\\/#breadcrumb\",\"itemListElement\":[{\"@type\":\"ListItem\",\"position\":1,\"name\":\"AdvaCom\",\"item\":\"https:\\\/\\\/www.advacom.pl\\\/en\\\/\"},{\"@type\":\"ListItem\",\"position\":2,\"name\":\"Authorizations\"}]},{\"@type\":\"WebSite\",\"@id\":\"https:\\\/\\\/www.advacom.pl\\\/en\\\/#website\",\"url\":\"https:\\\/\\\/www.advacom.pl\\\/en\\\/\",\"name\":\"AdvaCom\",\"description\":\"Od ponad 30 lat na polskim rynku informatycznym\",\"publisher\":{\"@id\":\"https:\\\/\\\/www.advacom.pl\\\/en\\\/#organization\"},\"potentialAction\":[{\"@type\":\"SearchAction\",\"target\":{\"@type\":\"EntryPoint\",\"urlTemplate\":\"https:\\\/\\\/www.advacom.pl\\\/en\\\/?s={search_term_string}\"},\"query-input\":{\"@type\":\"PropertyValueSpecification\",\"valueRequired\":true,\"valueName\":\"search_term_string\"}}],\"inLanguage\":\"en-US\"},{\"@type\":\"Organization\",\"@id\":\"https:\\\/\\\/www.advacom.pl\\\/en\\\/#organization\",\"name\":\"AdvaCom Sp. z o.o.\",\"url\":\"https:\\\/\\\/www.advacom.pl\\\/en\\\/\",\"logo\":{\"@type\":\"ImageObject\",\"inLanguage\":\"en-US\",\"@id\":\"https:\\\/\\\/www.advacom.pl\\\/en\\\/#\\\/schema\\\/logo\\\/image\\\/\",\"url\":\"https:\\\/\\\/www.advacom.pl\\\/wp-content\\\/uploads\\\/2018\\\/09\\\/logo2.png\",\"contentUrl\":\"https:\\\/\\\/www.advacom.pl\\\/wp-content\\\/uploads\\\/2018\\\/09\\\/logo2.png\",\"width\":245,\"height\":68,\"caption\":\"AdvaCom Sp. z o.o.\"},\"image\":{\"@id\":\"https:\\\/\\\/www.advacom.pl\\\/en\\\/#\\\/schema\\\/logo\\\/image\\\/\"}}]}<\/script>\n<!-- \/ Yoast SEO plugin. -->","yoast_head_json":{"title":"AdvaCom - autoryzacje to dost\u0119p do wiedzy i wsparcie producent\u00f3w","description":"Dzi\u0119ki posiadanym autoryzacjom pracownicy AdvaCom dysponuj\u0105 dost\u0119pem do wsparcia technicznego i baz wiedzy poszczeg\u00f3lnych producent\u00f3w, co pozwala w spos\u00f3b szybki i efektywny rozwi\u0105zywa\u0107 problemy, jakie mog\u0105 si\u0119 pojawia\u0107 przy wdra\u017caniu zaawansowanych produkt\u00f3w informatycznych","robots":{"index":"index","follow":"follow","max-snippet":"max-snippet:-1","max-image-preview":"max-image-preview:large","max-video-preview":"max-video-preview:-1"},"canonical":"https:\/\/www.advacom.pl\/en\/authorizations\/","og_locale":"en_US","og_type":"article","og_title":"AdvaCom - autoryzacje to dost\u0119p do wiedzy i wsparcie producent\u00f3w","og_description":"Dzi\u0119ki posiadanym autoryzacjom pracownicy AdvaCom dysponuj\u0105 dost\u0119pem do wsparcia technicznego i baz wiedzy poszczeg\u00f3lnych producent\u00f3w, co pozwala w spos\u00f3b szybki i efektywny rozwi\u0105zywa\u0107 problemy, jakie mog\u0105 si\u0119 pojawia\u0107 przy wdra\u017caniu zaawansowanych produkt\u00f3w informatycznych","og_url":"https:\/\/www.advacom.pl\/en\/authorizations\/","og_site_name":"AdvaCom","article_modified_time":"2019-02-04T10:00:24+00:00","twitter_card":"summary_large_image","twitter_misc":{"Est. reading time":"2 minutes"},"schema":{"@context":"https:\/\/schema.org","@graph":[{"@type":"WebPage","@id":"https:\/\/www.advacom.pl\/en\/authorizations\/","url":"https:\/\/www.advacom.pl\/en\/authorizations\/","name":"AdvaCom - autoryzacje to dost\u0119p do wiedzy i wsparcie producent\u00f3w","isPartOf":{"@id":"https:\/\/www.advacom.pl\/en\/#website"},"datePublished":"2019-01-16T15:29:37+00:00","dateModified":"2019-02-04T10:00:24+00:00","description":"Dzi\u0119ki posiadanym autoryzacjom pracownicy AdvaCom dysponuj\u0105 dost\u0119pem do wsparcia technicznego i baz wiedzy poszczeg\u00f3lnych producent\u00f3w, co pozwala w spos\u00f3b szybki i efektywny rozwi\u0105zywa\u0107 problemy, jakie mog\u0105 si\u0119 pojawia\u0107 przy wdra\u017caniu zaawansowanych produkt\u00f3w informatycznych","breadcrumb":{"@id":"https:\/\/www.advacom.pl\/en\/authorizations\/#breadcrumb"},"inLanguage":"en-US","potentialAction":[{"@type":"ReadAction","target":["https:\/\/www.advacom.pl\/en\/authorizations\/"]}]},{"@type":"BreadcrumbList","@id":"https:\/\/www.advacom.pl\/en\/authorizations\/#breadcrumb","itemListElement":[{"@type":"ListItem","position":1,"name":"AdvaCom","item":"https:\/\/www.advacom.pl\/en\/"},{"@type":"ListItem","position":2,"name":"Authorizations"}]},{"@type":"WebSite","@id":"https:\/\/www.advacom.pl\/en\/#website","url":"https:\/\/www.advacom.pl\/en\/","name":"AdvaCom","description":"Od ponad 30 lat na polskim rynku informatycznym","publisher":{"@id":"https:\/\/www.advacom.pl\/en\/#organization"},"potentialAction":[{"@type":"SearchAction","target":{"@type":"EntryPoint","urlTemplate":"https:\/\/www.advacom.pl\/en\/?s={search_term_string}"},"query-input":{"@type":"PropertyValueSpecification","valueRequired":true,"valueName":"search_term_string"}}],"inLanguage":"en-US"},{"@type":"Organization","@id":"https:\/\/www.advacom.pl\/en\/#organization","name":"AdvaCom Sp. z o.o.","url":"https:\/\/www.advacom.pl\/en\/","logo":{"@type":"ImageObject","inLanguage":"en-US","@id":"https:\/\/www.advacom.pl\/en\/#\/schema\/logo\/image\/","url":"https:\/\/www.advacom.pl\/wp-content\/uploads\/2018\/09\/logo2.png","contentUrl":"https:\/\/www.advacom.pl\/wp-content\/uploads\/2018\/09\/logo2.png","width":245,"height":68,"caption":"AdvaCom Sp. z o.o."},"image":{"@id":"https:\/\/www.advacom.pl\/en\/#\/schema\/logo\/image\/"}}]}},"_links":{"self":[{"href":"https:\/\/www.advacom.pl\/en\/wp-json\/wp\/v2\/pages\/1129","targetHints":{"allow":["GET"]}}],"collection":[{"href":"https:\/\/www.advacom.pl\/en\/wp-json\/wp\/v2\/pages"}],"about":[{"href":"https:\/\/www.advacom.pl\/en\/wp-json\/wp\/v2\/types\/page"}],"author":[{"embeddable":true,"href":"https:\/\/www.advacom.pl\/en\/wp-json\/wp\/v2\/users\/4"}],"replies":[{"embeddable":true,"href":"https:\/\/www.advacom.pl\/en\/wp-json\/wp\/v2\/comments?post=1129"}],"version-history":[{"count":12,"href":"https:\/\/www.advacom.pl\/en\/wp-json\/wp\/v2\/pages\/1129\/revisions"}],"predecessor-version":[{"id":1289,"href":"https:\/\/www.advacom.pl\/en\/wp-json\/wp\/v2\/pages\/1129\/revisions\/1289"}],"wp:attachment":[{"href":"https:\/\/www.advacom.pl\/en\/wp-json\/wp\/v2\/media?parent=1129"}],"curies":[{"name":"wp","href":"https:\/\/api.w.org\/{rel}","templated":true}]}}