{"id":912,"date":"2019-01-15T11:38:26","date_gmt":"2019-01-15T10:38:26","guid":{"rendered":"https:\/\/www.advacom.pl\/?page_id=912"},"modified":"2019-01-22T12:24:46","modified_gmt":"2019-01-22T11:24:46","slug":"offer","status":"publish","type":"page","link":"https:\/\/www.advacom.pl\/en\/offer\/","title":{"rendered":"Offer"},"content":{"rendered":"<div class=\"wpb-content-wrapper\"><p>[vc_row padding_top_multiplier=&#8221;3x&#8221; padding_bottom_multiplier=&#8221;2x&#8221;][vc_column width=&#8221;1\/2&#8243;]<h2 class=\"grve-element grve-title grve-align-left grve-h4\" style=\"\"><span>Designing of IT systems<span class=\"grve-title-line grve-bg-primary-1\" style=\"width: 150px;height: 2px;\"><\/span><\/span><\/h2><div class=\"grve-empty-space grve-height-1x\" style=\"\"><\/div>[vc_column_text]We design complete IT systems. We use requirements analysis to help in the selection of the most advantageous solutions, which meet the current needs and enable successive expansion as the demands rise.<\/p>\n<p>We select computer hardware and software, networking devices and security systems. We draw up cost estimates of the proposed solutions. We prepare procedures related to system implementation.[\/vc_column_text]<div class=\"grve-empty-space grve-height-1x\" style=\"\"><\/div>[\/vc_column][vc_column width=&#8221;1\/2&#8243; mobile_width=&#8221;hide&#8221;]<div class=\"grve-element grve-double-image-text grve-paraller-wrapper grve-align-left\" style=\"\"><div class=\"grve-image grve-first-image\"><img loading=\"lazy\" decoding=\"async\" width=\"529\" height=\"800\" src=\"https:\/\/www.advacom.pl\/wp-content\/uploads\/2018\/12\/oferta21.jpg\" class=\"attachment-medium_large size-medium_large\" alt=\"\" srcset=\"https:\/\/www.advacom.pl\/wp-content\/uploads\/2018\/12\/oferta21.jpg 529w, https:\/\/www.advacom.pl\/wp-content\/uploads\/2018\/12\/oferta21-198x300.jpg 198w\" sizes=\"auto, (max-width: 529px) 100vw, 529px\" \/><\/div>  <div class=\"grve-content grve-align-left\"><div class=\"grve-image grve-second-image grve-paraller\" data-invert=\"true\"><img loading=\"lazy\" decoding=\"async\" width=\"560\" height=\"420\" src=\"https:\/\/www.advacom.pl\/wp-content\/uploads\/2018\/12\/oferta32-560x420.jpg\" class=\"attachment-movedo-grve-small-rect-horizontal size-movedo-grve-small-rect-horizontal\" alt=\"\" srcset=\"https:\/\/www.advacom.pl\/wp-content\/uploads\/2018\/12\/oferta32-560x420.jpg 560w, https:\/\/www.advacom.pl\/wp-content\/uploads\/2018\/12\/oferta32-900x675.jpg 900w\" sizes=\"auto, (max-width: 560px) 100vw, 560px\" \/><\/div>  <\/div><\/div>[\/vc_column][\/vc_row][vc_row bg_type=&#8221;color&#8221; padding_top_multiplier=&#8221;3x&#8221; padding_bottom_multiplier=&#8221;2x&#8221; bg_color=&#8221;#f7f7f7&#8243;][vc_column width=&#8221;1\/2&#8243; mobile_width=&#8221;hide&#8221;]<div class=\"grve-element grve-double-image-text grve-paraller-wrapper grve-align-left\" style=\"\"><div class=\"grve-image grve-first-image\"><img loading=\"lazy\" decoding=\"async\" width=\"768\" height=\"1160\" src=\"https:\/\/www.advacom.pl\/wp-content\/uploads\/2018\/12\/oferta11-768x1160.jpg\" class=\"attachment-medium_large size-medium_large\" alt=\"\" srcset=\"https:\/\/www.advacom.pl\/wp-content\/uploads\/2018\/12\/oferta11.jpg 768w, https:\/\/www.advacom.pl\/wp-content\/uploads\/2018\/12\/oferta11-199x300.jpg 199w, https:\/\/www.advacom.pl\/wp-content\/uploads\/2018\/12\/oferta11-678x1024.jpg 678w\" sizes=\"auto, (max-width: 768px) 100vw, 768px\" \/><\/div>  <div class=\"grve-content grve-align-left\"><div class=\"grve-image grve-second-image grve-paraller\" data-invert=\"true\"><img loading=\"lazy\" decoding=\"async\" width=\"560\" height=\"420\" src=\"https:\/\/www.advacom.pl\/wp-content\/uploads\/2018\/12\/oferta12-560x420.jpg\" class=\"attachment-movedo-grve-small-rect-horizontal size-movedo-grve-small-rect-horizontal\" alt=\"\" srcset=\"https:\/\/www.advacom.pl\/wp-content\/uploads\/2018\/12\/oferta12-560x420.jpg 560w, https:\/\/www.advacom.pl\/wp-content\/uploads\/2018\/12\/oferta12-900x675.jpg 900w\" sizes=\"auto, (max-width: 560px) 100vw, 560px\" \/><\/div>  <\/div><\/div>[\/vc_column][vc_column width=&#8221;1\/2&#8243;]<h2 class=\"grve-element grve-title grve-align-left grve-h4\" style=\"\"><span>IT systems deployment and integration<span class=\"grve-title-line grve-bg-primary-1\" style=\"width: 150px;height: 2px;\"><\/span><\/span><\/h2><div class=\"grve-empty-space grve-height-1x\" style=\"\"><\/div>[vc_column_text]We perform the deployment of new IT systems and expansion of existing IT systems. We deliver and install hardware and software. We use many elements, frequently coming from various manufacturers, to create cohesive, effective and reliable IT systems, adapted to the current needs of our customers and ensuring easy scalability as the requirements increase. After the deployment is finished, we provide servicing for the IT systems of our customers.<\/p>\n<p>We provide equipment to data centres and server rooms, installation and configuration of software necessary for the operation of IT systems, installation and deployment of networking devices and information security systems. We implement virtualization and cloud solutions based systems.[\/vc_column_text]<div class=\"grve-empty-space grve-height-1x\" style=\"\"><\/div>[\/vc_column][\/vc_row][vc_row padding_top_multiplier=&#8221;3x&#8221; padding_bottom_multiplier=&#8221;2x&#8221;][vc_column width=&#8221;1\/2&#8243;]<h2 class=\"grve-element grve-title grve-align-left grve-h4\" style=\"\"><span>Security of IT systems<span class=\"grve-title-line grve-bg-primary-1\" style=\"width: 150px;height: 2px;\"><\/span><\/span><\/h2><div class=\"grve-empty-space grve-height-1x\" style=\"\"><\/div>[vc_column_text]In the constructed IT systems we place special emphasis on ensuring the security of information collected by our customers. We install systems with server clusters, drive arrays and data archiving systems.<\/p>\n<p>We also ensure protection against threats resulting from accessing computer networks, including the Internet. We take into account protection against intrusions and unauthorised use of the LAN network. authentication of users in order to differentiate network rights, traffic monitoring, virus protection and secure communication using a VPN.[\/vc_column_text]<div class=\"grve-empty-space grve-height-1x\" style=\"\"><\/div>[\/vc_column][vc_column width=&#8221;1\/2&#8243; mobile_width=&#8221;hide&#8221;]<div class=\"grve-element grve-double-image-text grve-paraller-wrapper grve-align-right\" style=\"\"><div class=\"grve-image grve-first-image\"><img loading=\"lazy\" decoding=\"async\" width=\"529\" height=\"800\" src=\"https:\/\/www.advacom.pl\/wp-content\/uploads\/2018\/12\/oferta21.jpg\" class=\"attachment-medium_large size-medium_large\" alt=\"\" srcset=\"https:\/\/www.advacom.pl\/wp-content\/uploads\/2018\/12\/oferta21.jpg 529w, https:\/\/www.advacom.pl\/wp-content\/uploads\/2018\/12\/oferta21-198x300.jpg 198w\" sizes=\"auto, (max-width: 529px) 100vw, 529px\" \/><\/div>  <div class=\"grve-content grve-align-right\"><div class=\"grve-image grve-second-image grve-paraller\" data-invert=\"true\"><img loading=\"lazy\" decoding=\"async\" width=\"560\" height=\"420\" src=\"https:\/\/www.advacom.pl\/wp-content\/uploads\/2018\/12\/oferta22-560x420.jpg\" class=\"attachment-movedo-grve-small-rect-horizontal size-movedo-grve-small-rect-horizontal\" alt=\"\" srcset=\"https:\/\/www.advacom.pl\/wp-content\/uploads\/2018\/12\/oferta22-560x420.jpg 560w, https:\/\/www.advacom.pl\/wp-content\/uploads\/2018\/12\/oferta22-900x675.jpg 900w\" sizes=\"auto, (max-width: 560px) 100vw, 560px\" \/><\/div>  <\/div><\/div>[\/vc_column][\/vc_row][vc_row bg_type=&#8221;color&#8221; padding_top_multiplier=&#8221;3x&#8221; padding_bottom_multiplier=&#8221;2x&#8221; bg_color=&#8221;#f7f7f7&#8243;][vc_column width=&#8221;1\/2&#8243; mobile_width=&#8221;hide&#8221;]<div class=\"grve-element grve-double-image-text grve-paraller-wrapper grve-align-left\" style=\"\"><div class=\"grve-image grve-first-image\"><img loading=\"lazy\" decoding=\"async\" width=\"768\" height=\"1160\" src=\"https:\/\/www.advacom.pl\/wp-content\/uploads\/2018\/12\/oferta31-768x1160.jpg\" class=\"attachment-medium_large size-medium_large\" alt=\"\" srcset=\"https:\/\/www.advacom.pl\/wp-content\/uploads\/2018\/12\/oferta31.jpg 768w, https:\/\/www.advacom.pl\/wp-content\/uploads\/2018\/12\/oferta31-199x300.jpg 199w, https:\/\/www.advacom.pl\/wp-content\/uploads\/2018\/12\/oferta31-678x1024.jpg 678w\" sizes=\"auto, (max-width: 768px) 100vw, 768px\" \/><\/div>  <div class=\"grve-content grve-align-left\"><div class=\"grve-image grve-second-image grve-paraller\" data-invert=\"true\"><img loading=\"lazy\" decoding=\"async\" width=\"560\" height=\"420\" src=\"https:\/\/www.advacom.pl\/wp-content\/uploads\/2018\/12\/oferta32-560x420.jpg\" class=\"attachment-movedo-grve-small-rect-horizontal size-movedo-grve-small-rect-horizontal\" alt=\"\" srcset=\"https:\/\/www.advacom.pl\/wp-content\/uploads\/2018\/12\/oferta32-560x420.jpg 560w, https:\/\/www.advacom.pl\/wp-content\/uploads\/2018\/12\/oferta32-900x675.jpg 900w\" sizes=\"auto, (max-width: 560px) 100vw, 560px\" \/><\/div>  <\/div><\/div>[\/vc_column][vc_column width=&#8221;1\/2&#8243;]<h2 class=\"grve-element grve-title grve-align-left grve-h4\" style=\"\"><span>Designing and construction of structural cabling<span class=\"grve-title-line grve-bg-primary-1\" style=\"width: 150px;height: 2px;\"><\/span><\/span><\/h2><div class=\"grve-empty-space grve-height-1x\" style=\"\"><\/div>[vc_column_text]We design structural cabling systems and separate electrical systems. We have the authorization for the designing, constructing and providing many years of warranty for cabling systems for most significant manufacturers, including Molex, Reichle&amp;DeMassari, Systimax.<\/p>\n<p>As part of structural cabling systems, we construct computer and phone networks, CCTV systems, access control systems, general and secured power systems with uninterruptible power supplies.[\/vc_column_text]<div class=\"grve-empty-space grve-height-1x\" style=\"\"><\/div>[\/vc_column][\/vc_row][vc_row padding_top_multiplier=&#8221;3x&#8221; padding_bottom_multiplier=&#8221;2x&#8221;][vc_column width=&#8221;1\/2&#8243;]<h2 class=\"grve-element grve-title grve-align-left grve-h4\" style=\"\"><span>Specialised training and practical workshops<span class=\"grve-title-line grve-bg-primary-1\" style=\"width: 150px;height: 2px;\"><\/span><\/span><\/h2><div class=\"grve-empty-space grve-height-1x\" style=\"\"><\/div>[vc_column_text]We conduct specialised training and practical workshops for the devices, software and systems we offer.<\/p>\n<p>The training is conducted by our employees and by representatives of manufacturers and distributors.<\/p>\n<p>The courses take place in a very well equipped training room located at the company premises.[\/vc_column_text]<div class=\"grve-empty-space grve-height-1x\" style=\"\"><\/div>[\/vc_column][vc_column width=&#8221;1\/2&#8243; mobile_width=&#8221;hide&#8221;]<div class=\"grve-element grve-double-image-text grve-paraller-wrapper grve-align-right\" style=\"\"><div class=\"grve-image grve-first-image\"><img loading=\"lazy\" decoding=\"async\" width=\"530\" height=\"800\" src=\"https:\/\/www.advacom.pl\/wp-content\/uploads\/2018\/12\/oferta42.jpg\" class=\"attachment-medium_large size-medium_large\" alt=\"\" srcset=\"https:\/\/www.advacom.pl\/wp-content\/uploads\/2018\/12\/oferta42.jpg 530w, https:\/\/www.advacom.pl\/wp-content\/uploads\/2018\/12\/oferta42-199x300.jpg 199w\" sizes=\"auto, (max-width: 530px) 100vw, 530px\" \/><\/div>  <div class=\"grve-content grve-align-right\"><div class=\"grve-image grve-second-image grve-paraller\" data-invert=\"true\"><img loading=\"lazy\" decoding=\"async\" width=\"560\" height=\"420\" src=\"https:\/\/www.advacom.pl\/wp-content\/uploads\/2018\/10\/advacom_konf-560x420.jpg\" class=\"attachment-movedo-grve-small-rect-horizontal size-movedo-grve-small-rect-horizontal\" alt=\"\" srcset=\"https:\/\/www.advacom.pl\/wp-content\/uploads\/2018\/10\/advacom_konf-560x420.jpg 560w, https:\/\/www.advacom.pl\/wp-content\/uploads\/2018\/10\/advacom_konf-900x675.jpg 900w\" sizes=\"auto, (max-width: 560px) 100vw, 560px\" \/><\/div>  <\/div><\/div>[\/vc_column][\/vc_row]<\/p>\n<\/div>","protected":false},"excerpt":{"rendered":"<p>[vc_row padding_top_multiplier=&#8221;3x&#8221; padding_bottom_multiplier=&#8221;2x&#8221;][vc_column width=&#8221;1\/2&#8243;][vc_column_text]We design complete IT systems. We use requirements analysis to help in the selection of the most advantageous solutions, which meet the current needs and enable successive expansion as the demands rise. We select computer hardware and software, networking devices and security systems. We draw up cost estimates of the proposed solutions. [&hellip;]<\/p>\n","protected":false},"author":4,"featured_media":0,"parent":0,"menu_order":0,"comment_status":"closed","ping_status":"closed","template":"","meta":{"footnotes":""},"class_list":["post-912","page","type-page","status-publish","hentry"],"yoast_head":"<!-- This site is optimized with the Yoast SEO plugin v27.4 - https:\/\/yoast.com\/product\/yoast-seo-wordpress\/ -->\n<title>Offer - AdvaCom<\/title>\n<meta name=\"description\" content=\"AdvaCom realizuje projekty i wdro\u017cenia kompletnych system\u00f3w informatycznych. Dostarczamy i instalujemy sprz\u0119t oraz oprogramowanie.\" \/>\n<meta name=\"robots\" content=\"index, follow, max-snippet:-1, max-image-preview:large, max-video-preview:-1\" \/>\n<link rel=\"canonical\" href=\"https:\/\/www.advacom.pl\/en\/offer\/\" \/>\n<meta property=\"og:locale\" content=\"en_US\" \/>\n<meta property=\"og:type\" content=\"article\" \/>\n<meta property=\"og:title\" content=\"Offer - AdvaCom\" \/>\n<meta property=\"og:description\" content=\"AdvaCom realizuje projekty i wdro\u017cenia kompletnych system\u00f3w informatycznych. Dostarczamy i instalujemy sprz\u0119t oraz oprogramowanie.\" \/>\n<meta property=\"og:url\" content=\"https:\/\/www.advacom.pl\/en\/offer\/\" \/>\n<meta property=\"og:site_name\" content=\"AdvaCom\" \/>\n<meta property=\"article:modified_time\" content=\"2019-01-22T11:24:46+00:00\" \/>\n<meta name=\"twitter:card\" content=\"summary_large_image\" \/>\n<meta name=\"twitter:label1\" content=\"Est. reading time\" \/>\n\t<meta name=\"twitter:data1\" content=\"4 minutes\" \/>\n<script type=\"application\/ld+json\" class=\"yoast-schema-graph\">{\"@context\":\"https:\\\/\\\/schema.org\",\"@graph\":[{\"@type\":\"WebPage\",\"@id\":\"https:\\\/\\\/www.advacom.pl\\\/en\\\/offer\\\/\",\"url\":\"https:\\\/\\\/www.advacom.pl\\\/en\\\/offer\\\/\",\"name\":\"Offer - AdvaCom\",\"isPartOf\":{\"@id\":\"https:\\\/\\\/www.advacom.pl\\\/en\\\/#website\"},\"datePublished\":\"2019-01-15T10:38:26+00:00\",\"dateModified\":\"2019-01-22T11:24:46+00:00\",\"description\":\"AdvaCom realizuje projekty i wdro\u017cenia kompletnych system\u00f3w informatycznych. Dostarczamy i instalujemy sprz\u0119t oraz oprogramowanie.\",\"breadcrumb\":{\"@id\":\"https:\\\/\\\/www.advacom.pl\\\/en\\\/offer\\\/#breadcrumb\"},\"inLanguage\":\"en-US\",\"potentialAction\":[{\"@type\":\"ReadAction\",\"target\":[\"https:\\\/\\\/www.advacom.pl\\\/en\\\/offer\\\/\"]}]},{\"@type\":\"BreadcrumbList\",\"@id\":\"https:\\\/\\\/www.advacom.pl\\\/en\\\/offer\\\/#breadcrumb\",\"itemListElement\":[{\"@type\":\"ListItem\",\"position\":1,\"name\":\"AdvaCom\",\"item\":\"https:\\\/\\\/www.advacom.pl\\\/en\\\/\"},{\"@type\":\"ListItem\",\"position\":2,\"name\":\"Offer\"}]},{\"@type\":\"WebSite\",\"@id\":\"https:\\\/\\\/www.advacom.pl\\\/en\\\/#website\",\"url\":\"https:\\\/\\\/www.advacom.pl\\\/en\\\/\",\"name\":\"AdvaCom\",\"description\":\"Od ponad 30 lat na polskim rynku informatycznym\",\"publisher\":{\"@id\":\"https:\\\/\\\/www.advacom.pl\\\/en\\\/#organization\"},\"potentialAction\":[{\"@type\":\"SearchAction\",\"target\":{\"@type\":\"EntryPoint\",\"urlTemplate\":\"https:\\\/\\\/www.advacom.pl\\\/en\\\/?s={search_term_string}\"},\"query-input\":{\"@type\":\"PropertyValueSpecification\",\"valueRequired\":true,\"valueName\":\"search_term_string\"}}],\"inLanguage\":\"en-US\"},{\"@type\":\"Organization\",\"@id\":\"https:\\\/\\\/www.advacom.pl\\\/en\\\/#organization\",\"name\":\"AdvaCom Sp. z o.o.\",\"url\":\"https:\\\/\\\/www.advacom.pl\\\/en\\\/\",\"logo\":{\"@type\":\"ImageObject\",\"inLanguage\":\"en-US\",\"@id\":\"https:\\\/\\\/www.advacom.pl\\\/en\\\/#\\\/schema\\\/logo\\\/image\\\/\",\"url\":\"https:\\\/\\\/www.advacom.pl\\\/wp-content\\\/uploads\\\/2018\\\/09\\\/logo2.png\",\"contentUrl\":\"https:\\\/\\\/www.advacom.pl\\\/wp-content\\\/uploads\\\/2018\\\/09\\\/logo2.png\",\"width\":245,\"height\":68,\"caption\":\"AdvaCom Sp. z o.o.\"},\"image\":{\"@id\":\"https:\\\/\\\/www.advacom.pl\\\/en\\\/#\\\/schema\\\/logo\\\/image\\\/\"}}]}<\/script>\n<!-- \/ Yoast SEO plugin. -->","yoast_head_json":{"title":"Offer - AdvaCom","description":"AdvaCom realizuje projekty i wdro\u017cenia kompletnych system\u00f3w informatycznych. Dostarczamy i instalujemy sprz\u0119t oraz oprogramowanie.","robots":{"index":"index","follow":"follow","max-snippet":"max-snippet:-1","max-image-preview":"max-image-preview:large","max-video-preview":"max-video-preview:-1"},"canonical":"https:\/\/www.advacom.pl\/en\/offer\/","og_locale":"en_US","og_type":"article","og_title":"Offer - AdvaCom","og_description":"AdvaCom realizuje projekty i wdro\u017cenia kompletnych system\u00f3w informatycznych. Dostarczamy i instalujemy sprz\u0119t oraz oprogramowanie.","og_url":"https:\/\/www.advacom.pl\/en\/offer\/","og_site_name":"AdvaCom","article_modified_time":"2019-01-22T11:24:46+00:00","twitter_card":"summary_large_image","twitter_misc":{"Est. reading time":"4 minutes"},"schema":{"@context":"https:\/\/schema.org","@graph":[{"@type":"WebPage","@id":"https:\/\/www.advacom.pl\/en\/offer\/","url":"https:\/\/www.advacom.pl\/en\/offer\/","name":"Offer - AdvaCom","isPartOf":{"@id":"https:\/\/www.advacom.pl\/en\/#website"},"datePublished":"2019-01-15T10:38:26+00:00","dateModified":"2019-01-22T11:24:46+00:00","description":"AdvaCom realizuje projekty i wdro\u017cenia kompletnych system\u00f3w informatycznych. Dostarczamy i instalujemy sprz\u0119t oraz oprogramowanie.","breadcrumb":{"@id":"https:\/\/www.advacom.pl\/en\/offer\/#breadcrumb"},"inLanguage":"en-US","potentialAction":[{"@type":"ReadAction","target":["https:\/\/www.advacom.pl\/en\/offer\/"]}]},{"@type":"BreadcrumbList","@id":"https:\/\/www.advacom.pl\/en\/offer\/#breadcrumb","itemListElement":[{"@type":"ListItem","position":1,"name":"AdvaCom","item":"https:\/\/www.advacom.pl\/en\/"},{"@type":"ListItem","position":2,"name":"Offer"}]},{"@type":"WebSite","@id":"https:\/\/www.advacom.pl\/en\/#website","url":"https:\/\/www.advacom.pl\/en\/","name":"AdvaCom","description":"Od ponad 30 lat na polskim rynku informatycznym","publisher":{"@id":"https:\/\/www.advacom.pl\/en\/#organization"},"potentialAction":[{"@type":"SearchAction","target":{"@type":"EntryPoint","urlTemplate":"https:\/\/www.advacom.pl\/en\/?s={search_term_string}"},"query-input":{"@type":"PropertyValueSpecification","valueRequired":true,"valueName":"search_term_string"}}],"inLanguage":"en-US"},{"@type":"Organization","@id":"https:\/\/www.advacom.pl\/en\/#organization","name":"AdvaCom Sp. z o.o.","url":"https:\/\/www.advacom.pl\/en\/","logo":{"@type":"ImageObject","inLanguage":"en-US","@id":"https:\/\/www.advacom.pl\/en\/#\/schema\/logo\/image\/","url":"https:\/\/www.advacom.pl\/wp-content\/uploads\/2018\/09\/logo2.png","contentUrl":"https:\/\/www.advacom.pl\/wp-content\/uploads\/2018\/09\/logo2.png","width":245,"height":68,"caption":"AdvaCom Sp. z o.o."},"image":{"@id":"https:\/\/www.advacom.pl\/en\/#\/schema\/logo\/image\/"}}]}},"_links":{"self":[{"href":"https:\/\/www.advacom.pl\/en\/wp-json\/wp\/v2\/pages\/912","targetHints":{"allow":["GET"]}}],"collection":[{"href":"https:\/\/www.advacom.pl\/en\/wp-json\/wp\/v2\/pages"}],"about":[{"href":"https:\/\/www.advacom.pl\/en\/wp-json\/wp\/v2\/types\/page"}],"author":[{"embeddable":true,"href":"https:\/\/www.advacom.pl\/en\/wp-json\/wp\/v2\/users\/4"}],"replies":[{"embeddable":true,"href":"https:\/\/www.advacom.pl\/en\/wp-json\/wp\/v2\/comments?post=912"}],"version-history":[{"count":5,"href":"https:\/\/www.advacom.pl\/en\/wp-json\/wp\/v2\/pages\/912\/revisions"}],"predecessor-version":[{"id":1266,"href":"https:\/\/www.advacom.pl\/en\/wp-json\/wp\/v2\/pages\/912\/revisions\/1266"}],"wp:attachment":[{"href":"https:\/\/www.advacom.pl\/en\/wp-json\/wp\/v2\/media?parent=912"}],"curies":[{"name":"wp","href":"https:\/\/api.w.org\/{rel}","templated":true}]}}