{"id":920,"date":"2019-01-15T11:50:06","date_gmt":"2019-01-15T10:50:06","guid":{"rendered":"https:\/\/www.advacom.pl\/?page_id=920"},"modified":"2019-02-18T13:16:04","modified_gmt":"2019-02-18T12:16:04","slug":"implementations","status":"publish","type":"page","link":"https:\/\/www.advacom.pl\/en\/implementations\/","title":{"rendered":"Implementations"},"content":{"rendered":"<div class=\"wpb-content-wrapper\"><p>[vc_row padding_top_multiplier=&#8221;2x&#8221; padding_bottom_multiplier=&#8221;3x&#8221;][vc_column]<h2 class=\"grve-element grve-title grve-align-left grve-h3\" style=\"\"><span>We conduct business for over 30 years<span class=\"grve-title-line grve-bg-primary-1\" style=\"width: 150px;height: 2px;\"><\/span><\/span><\/h2>[vc_column_text]AdvaCom has been conducting its business for over 30 years.<\/p>\n<p>The extensive experience obtained during this period by our employees, supported by knowledge obtained during multiple specialist training courses and the energy and drive provided by new employees, graduates of the best technical universities, has enabled us to achieve a high position on the IT services market.<\/p>\n<p>This was appreciated by many of our customers, who have been entrusted us with the development of their IT systems for many years.[\/vc_column_text][\/vc_column][\/vc_row][vc_row bg_type=&#8221;color&#8221; padding_top_multiplier=&#8221;2x&#8221; padding_bottom_multiplier=&#8221;3x&#8221; bg_color=&#8221;#f7f7f7&#8243;][vc_column]<h3 class=\"grve-element grve-title grve-align-left grve-h3\" style=\"\"><span>Our implementations<span class=\"grve-title-line grve-bg-primary-1\" style=\"width: 150px;height: 2px;\"><\/span><\/span><\/h3>[vc_column_text]We have provided below short descriptions of selected, interesting implementations from among many IT systems implemented by AdvaCom in the last years. The projects which are being currently implemented may not be published for security reasons.[\/vc_column_text]<div class=\"grve-empty-space grve-height-2x\" style=\"\"><\/div>[vc_row_inner][vc_column_inner width=&#8221;1\/2&#8243;]<h3 class=\"grve-element grve-title grve-align-left grve-animated-item grve-duration-normal grve-fade-in-up grve-h6\" style=\"\" data-delay=\"200\"><span>Dalkia backup DataCenter<span class=\"grve-title-line grve-bg-primary-1\" style=\"width: 150px;height: 2px;\"><\/span><\/span><\/h3>[vc_column_text animation=&#8221;grve-fade-in-up&#8221;]<\/p>\n<p class=\"p1\"><span class=\"s1\">In 2009 AdvaCom has finished the performance of a large IT project related to the design, delivery, installation and implementation of a backup DataCenter for Dalkia Polska. The implementation included IBM severs, mass storage systems, networking devices, and software for virtualization, synchronization and creation of backup copies. You can read more about this implementation in the \u201cDalkia DataCenter\u201d tab.<\/span><\/p>\n<p>[\/vc_column_text][\/vc_column_inner][vc_column_inner width=&#8221;1\/2&#8243;]<h3 class=\"grve-element grve-title grve-align-left grve-animated-item grve-duration-normal grve-fade-in-up grve-h6\" style=\"\" data-delay=\"200\"><span>Beyond DataCenter<span class=\"grve-title-line grve-bg-primary-1\" style=\"width: 150px;height: 2px;\"><\/span><\/span><\/h3>[vc_column_text animation=&#8221;grve-fade-in-up&#8221;]<\/p>\n<p class=\"p1\"><span class=\"s1\">AdvaCom has actively participated in the drawing up of a concept and design of the Beyond Data Center hosting center, located in the Shopping, Arts and Business Center \u201cOld Brewery\u201d in Pozna\u0144. We also provided structural cabling for this DataCenter. It is commonly considered to be one of the best protected, state of the art DataCenters in Poland. It hosts the servers of the Allegro, Nasza Klasa, Money.pl, Komputronik sites, as well as the servers of many other portals and companies.<\/span><\/p>\n<p>[\/vc_column_text][\/vc_column_inner][\/vc_row_inner]<div class=\"grve-empty-space grve-height-4x\" style=\"\"><\/div>[vc_row_inner][vc_column_inner width=&#8221;1\/2&#8243;]<h3 class=\"grve-element grve-title grve-align-left grve-animated-item grve-duration-normal grve-fade-in-up grve-h6\" style=\"\" data-delay=\"200\"><span>The telecommunications IT structure of the Pozna\u0144 International Fair<span class=\"grve-title-line grve-bg-primary-1\" style=\"width: 150px;height: 2px;\"><\/span><\/span><\/h3>[vc_column_text animation=&#8221;grve-fade-in-up&#8221;]The United Nations Climate Change Conference \u2014 COP 14 took place in December 2008 in Pozna\u0144, within the area of the Pozna\u0144 International Fair. Our company was one of the contractors for the IT structure for this conference. The quality, speed and professionalism of our company were appreciated by both the participants and the organizers of the conference \u2014 representatives of the United Nations, the Environment Ministry and the Pozna\u0144 International Fair Board. We were glad to receive a congratulations letter handed over by the President of the Pozna\u0144 International Fair.[\/vc_column_text][\/vc_column_inner][vc_column_inner width=&#8221;1\/2&#8243;]<h3 class=\"grve-element grve-title grve-align-left grve-animated-item grve-duration-normal grve-fade-in-up grve-h6\" style=\"\" data-delay=\"200\"><span>CHBiS \u201cOld Brewery\u201d structural cabling<span class=\"grve-title-line grve-bg-primary-1\" style=\"width: 150px;height: 2px;\"><\/span><\/span><\/h3>[vc_column_text animation=&#8221;grve-fade-in-up&#8221;]The Shopping, Arts and Business Center \u201cOld Brewery\u201d in Pozna\u0144 is a distinctive facility in the center of Pozna\u0144, with multiple awards for its unique style and charm. It consists of three parts: Atrium, Art Courtyard and Passage. It has a total area of 130,000 sq. m. AdvaCom has designed and constructed the entirety of the structural cabling for the \u201cOld Brewery\u201d building complex.[\/vc_column_text][\/vc_column_inner][\/vc_row_inner][\/vc_column][\/vc_row][vc_row padding_top_multiplier=&#8221;2x&#8221; padding_bottom_multiplier=&#8221;3x&#8221;][vc_column]<h2 class=\"grve-element grve-title grve-align-left grve-h3\" style=\"\"><span>Our customers<span class=\"grve-title-line grve-bg-primary-1\" style=\"width: 150px;height: 2px;\"><\/span><\/span><\/h2>[vc_column_text]Our customers are mainly large and medium companies in the manufacturing, trade and services sectors, as well as public sector entities, including administration, science and education sectors.<\/p>\n<p>We have been working with many companies for dozens of years, successfully developing and maintaining their IT systems.<\/p>\n<p>Our customers include, among others:[\/vc_column_text]<div class=\"grve-empty-space grve-height-2x\" style=\"\"><\/div>[vc_row_inner][vc_column_inner width=&#8221;1\/3&#8243;]<h3 class=\"grve-element grve-title grve-align-left grve-animated-item grve-duration-normal grve-fade-in-up grve-h6\" style=\"\" data-delay=\"200\"><span>Manufacturing companies:<span class=\"grve-title-line grve-bg-primary-1\" style=\"width: 150px;height: 2px;\"><\/span><\/span><\/h3>[vc_column_text animation=&#8221;grve-fade-in-up&#8221;]<\/p>\n<ul>\n<li>Amica Wronki S.A.<\/li>\n<li>Bridgestone Poland Sp\u00f3\u0142ka z o.o.<\/li>\n<li>Com.40 Limited Sp. z o.o.<\/li>\n<li>Dalkia Polska S.A.<\/li>\n<li>El-Cab Sp. z o.o.<\/li>\n<li>GlaxoSmithKline Pharmaceuticals S.A.<\/li>\n<li>Inter Groclin Auto S.A.<\/li>\n<li>Kimball Electronics Poland Sp z o.o.<\/li>\n<li>Phoenix Contact Wielkopolska Sp. z o.o.<\/li>\n<li>Saint Gobain HPM Polska Sp. z o.o.<\/li>\n<li>Samsung Electronics Poland Manufacturing Sp. z o.o.<\/li>\n<li>Scanclimber Sp. z o.o.<\/li>\n<li>Seco\/Warwick Europe Sp. z o.o.<\/li>\n<li>Wavin Metalplast &#8211; Buk Sp. z o.o.<\/li>\n<\/ul>\n<p>[\/vc_column_text][\/vc_column_inner][vc_column_inner width=&#8221;1\/3&#8243;]<h3 class=\"grve-element grve-title grve-align-left grve-animated-item grve-duration-normal grve-fade-in-up grve-h6\" style=\"\" data-delay=\"1200\"><span>Trade and services companies:<span class=\"grve-title-line grve-bg-primary-1\" style=\"width: 150px;height: 2px;\"><\/span><\/span><\/h3>[vc_column_text animation=&#8221;grve-fade-in-up&#8221; animation_delay=&#8221;1200&#8243;]<\/p>\n<ul>\n<li>Bertelsman Media Sp. z o.o.<\/li>\n<li>Biotronik Sp. z o.o.<\/li>\n<li>Cognifide Polska Sp. z o.o.<\/li>\n<li>Comp-Win Sp. z o.o.<\/li>\n<li>Corol Sp. z o.o.<\/li>\n<li>Dalkia Services Sp. z o.o.<\/li>\n<li>G.EN Gaz Energia Sp. z o.o.<\/li>\n<li>Eurocash S.A.<\/li>\n<li>Inteco Business Solutions Sp. z o.o.<\/li>\n<li>Jeronimo Martins Drogerie i Farmacja Sp. z o.o.<\/li>\n<li>Jeronimo Martins Polska S.A.<\/li>\n<li>Mi\u0119dzynarodowe Targi Pozna\u0144skie Sp. z o.o.<\/li>\n<li>PayUp Polska S.A.<\/li>\n<li>Radio Merkury S.A.<\/li>\n<li>Smorawi\u0144ski i Sp\u00f3\u0142ka PH Wojciech Smorawi\u0144ski i Andrzej Smorawi\u0144ski sp.j.<\/li>\n<li>Wielkopolska Sp\u00f3\u0142ka Gazownictwa Sp. z o.o.<\/li>\n<li>Wydawnictwo Agape Sp. z o.o.<\/li>\n<\/ul>\n<p>[\/vc_column_text][\/vc_column_inner][vc_column_inner width=&#8221;1\/3&#8243;]<h3 class=\"grve-element grve-title grve-align-left grve-animated-item grve-duration-normal grve-fade-in-up grve-h6\" style=\"\" data-delay=\"2200\"><span>Public sector:<span class=\"grve-title-line grve-bg-primary-1\" style=\"width: 150px;height: 2px;\"><\/span><\/span><\/h3>[vc_column_text animation=&#8221;grve-fade-in-up&#8221; animation_delay=&#8221;2200&#8243;]<\/p>\n<ul>\n<li>Instytut Chemii Bioorganicznej PAN<\/li>\n<li>Kuratorium O\u015bwiaty w Poznaniu<\/li>\n<li>Politechnika Pozna\u0144ska<\/li>\n<li>S\u0105d Apelacyjny w Poznaniu<\/li>\n<li>Powiatowy Inspektorat Weterynarii w Szamotu\u0142ach<\/li>\n<li>Uniwersytet Ekonomiczny w Poznaniu<\/li>\n<li>Uniwersytet Medyczny w Poznaniu<\/li>\n<li>Uniwersytet \u015al\u0105ski<\/li>\n<li>Urz\u0105d Miasta Poznania<\/li>\n<li>Wielkopolski Urz\u0105d Wojew\u00f3dzki<\/li>\n<\/ul>\n<p>[\/vc_column_text][\/vc_column_inner][\/vc_row_inner][\/vc_column][\/vc_row]<\/p>\n<\/div>","protected":false},"excerpt":{"rendered":"<p>[vc_row padding_top_multiplier=&#8221;2x&#8221; padding_bottom_multiplier=&#8221;3x&#8221;][vc_column][vc_column_text]AdvaCom has been conducting its business for over 30 years. The extensive experience obtained during this period by our employees, supported by knowledge obtained during multiple specialist training courses and the energy and drive provided by new employees, graduates of the best technical universities, has enabled us to achieve a high position on [&hellip;]<\/p>\n","protected":false},"author":4,"featured_media":0,"parent":0,"menu_order":0,"comment_status":"closed","ping_status":"closed","template":"","meta":{"footnotes":""},"class_list":["post-920","page","type-page","status-publish","hentry"],"yoast_head":"<!-- This site is optimized with the Yoast SEO plugin v27.4 - https:\/\/yoast.com\/product\/yoast-seo-wordpress\/ -->\n<title>Implementations - AdvaCom<\/title>\n<meta name=\"description\" content=\"Ogromne do\u015bwiadczenie zdobyte przez ponad 30 lat, wsparte wiedz\u0105 zdobyt\u0105 w licznych szkoleniach oraz energi\u0105 i zapa\u0142em wnoszonym przez nowych pracownik\u00f3w.\" \/>\n<meta name=\"robots\" content=\"index, follow, max-snippet:-1, max-image-preview:large, max-video-preview:-1\" \/>\n<link rel=\"canonical\" href=\"https:\/\/www.advacom.pl\/en\/implementations\/\" \/>\n<meta property=\"og:locale\" content=\"en_US\" \/>\n<meta property=\"og:type\" content=\"article\" \/>\n<meta property=\"og:title\" content=\"Implementations - AdvaCom\" \/>\n<meta property=\"og:description\" content=\"Ogromne do\u015bwiadczenie zdobyte przez ponad 30 lat, wsparte wiedz\u0105 zdobyt\u0105 w licznych szkoleniach oraz energi\u0105 i zapa\u0142em wnoszonym przez nowych pracownik\u00f3w.\" \/>\n<meta property=\"og:url\" content=\"https:\/\/www.advacom.pl\/en\/implementations\/\" \/>\n<meta property=\"og:site_name\" content=\"AdvaCom\" \/>\n<meta property=\"article:modified_time\" content=\"2019-02-18T12:16:04+00:00\" \/>\n<meta name=\"twitter:card\" content=\"summary_large_image\" \/>\n<meta name=\"twitter:label1\" content=\"Est. reading time\" \/>\n\t<meta name=\"twitter:data1\" content=\"5 minutes\" \/>\n<script type=\"application\/ld+json\" class=\"yoast-schema-graph\">{\"@context\":\"https:\\\/\\\/schema.org\",\"@graph\":[{\"@type\":\"WebPage\",\"@id\":\"https:\\\/\\\/www.advacom.pl\\\/en\\\/implementations\\\/\",\"url\":\"https:\\\/\\\/www.advacom.pl\\\/en\\\/implementations\\\/\",\"name\":\"Implementations - AdvaCom\",\"isPartOf\":{\"@id\":\"https:\\\/\\\/www.advacom.pl\\\/en\\\/#website\"},\"datePublished\":\"2019-01-15T10:50:06+00:00\",\"dateModified\":\"2019-02-18T12:16:04+00:00\",\"description\":\"Ogromne do\u015bwiadczenie zdobyte przez ponad 30 lat, wsparte wiedz\u0105 zdobyt\u0105 w licznych szkoleniach oraz energi\u0105 i zapa\u0142em wnoszonym przez nowych pracownik\u00f3w.\",\"breadcrumb\":{\"@id\":\"https:\\\/\\\/www.advacom.pl\\\/en\\\/implementations\\\/#breadcrumb\"},\"inLanguage\":\"en-US\",\"potentialAction\":[{\"@type\":\"ReadAction\",\"target\":[\"https:\\\/\\\/www.advacom.pl\\\/en\\\/implementations\\\/\"]}]},{\"@type\":\"BreadcrumbList\",\"@id\":\"https:\\\/\\\/www.advacom.pl\\\/en\\\/implementations\\\/#breadcrumb\",\"itemListElement\":[{\"@type\":\"ListItem\",\"position\":1,\"name\":\"AdvaCom\",\"item\":\"https:\\\/\\\/www.advacom.pl\\\/en\\\/\"},{\"@type\":\"ListItem\",\"position\":2,\"name\":\"Implementations\"}]},{\"@type\":\"WebSite\",\"@id\":\"https:\\\/\\\/www.advacom.pl\\\/en\\\/#website\",\"url\":\"https:\\\/\\\/www.advacom.pl\\\/en\\\/\",\"name\":\"AdvaCom\",\"description\":\"Od ponad 30 lat na polskim rynku informatycznym\",\"publisher\":{\"@id\":\"https:\\\/\\\/www.advacom.pl\\\/en\\\/#organization\"},\"potentialAction\":[{\"@type\":\"SearchAction\",\"target\":{\"@type\":\"EntryPoint\",\"urlTemplate\":\"https:\\\/\\\/www.advacom.pl\\\/en\\\/?s={search_term_string}\"},\"query-input\":{\"@type\":\"PropertyValueSpecification\",\"valueRequired\":true,\"valueName\":\"search_term_string\"}}],\"inLanguage\":\"en-US\"},{\"@type\":\"Organization\",\"@id\":\"https:\\\/\\\/www.advacom.pl\\\/en\\\/#organization\",\"name\":\"AdvaCom Sp. z o.o.\",\"url\":\"https:\\\/\\\/www.advacom.pl\\\/en\\\/\",\"logo\":{\"@type\":\"ImageObject\",\"inLanguage\":\"en-US\",\"@id\":\"https:\\\/\\\/www.advacom.pl\\\/en\\\/#\\\/schema\\\/logo\\\/image\\\/\",\"url\":\"https:\\\/\\\/www.advacom.pl\\\/wp-content\\\/uploads\\\/2018\\\/09\\\/logo2.png\",\"contentUrl\":\"https:\\\/\\\/www.advacom.pl\\\/wp-content\\\/uploads\\\/2018\\\/09\\\/logo2.png\",\"width\":245,\"height\":68,\"caption\":\"AdvaCom Sp. z o.o.\"},\"image\":{\"@id\":\"https:\\\/\\\/www.advacom.pl\\\/en\\\/#\\\/schema\\\/logo\\\/image\\\/\"}}]}<\/script>\n<!-- \/ Yoast SEO plugin. -->","yoast_head_json":{"title":"Implementations - AdvaCom","description":"Ogromne do\u015bwiadczenie zdobyte przez ponad 30 lat, wsparte wiedz\u0105 zdobyt\u0105 w licznych szkoleniach oraz energi\u0105 i zapa\u0142em wnoszonym przez nowych pracownik\u00f3w.","robots":{"index":"index","follow":"follow","max-snippet":"max-snippet:-1","max-image-preview":"max-image-preview:large","max-video-preview":"max-video-preview:-1"},"canonical":"https:\/\/www.advacom.pl\/en\/implementations\/","og_locale":"en_US","og_type":"article","og_title":"Implementations - AdvaCom","og_description":"Ogromne do\u015bwiadczenie zdobyte przez ponad 30 lat, wsparte wiedz\u0105 zdobyt\u0105 w licznych szkoleniach oraz energi\u0105 i zapa\u0142em wnoszonym przez nowych pracownik\u00f3w.","og_url":"https:\/\/www.advacom.pl\/en\/implementations\/","og_site_name":"AdvaCom","article_modified_time":"2019-02-18T12:16:04+00:00","twitter_card":"summary_large_image","twitter_misc":{"Est. reading time":"5 minutes"},"schema":{"@context":"https:\/\/schema.org","@graph":[{"@type":"WebPage","@id":"https:\/\/www.advacom.pl\/en\/implementations\/","url":"https:\/\/www.advacom.pl\/en\/implementations\/","name":"Implementations - AdvaCom","isPartOf":{"@id":"https:\/\/www.advacom.pl\/en\/#website"},"datePublished":"2019-01-15T10:50:06+00:00","dateModified":"2019-02-18T12:16:04+00:00","description":"Ogromne do\u015bwiadczenie zdobyte przez ponad 30 lat, wsparte wiedz\u0105 zdobyt\u0105 w licznych szkoleniach oraz energi\u0105 i zapa\u0142em wnoszonym przez nowych pracownik\u00f3w.","breadcrumb":{"@id":"https:\/\/www.advacom.pl\/en\/implementations\/#breadcrumb"},"inLanguage":"en-US","potentialAction":[{"@type":"ReadAction","target":["https:\/\/www.advacom.pl\/en\/implementations\/"]}]},{"@type":"BreadcrumbList","@id":"https:\/\/www.advacom.pl\/en\/implementations\/#breadcrumb","itemListElement":[{"@type":"ListItem","position":1,"name":"AdvaCom","item":"https:\/\/www.advacom.pl\/en\/"},{"@type":"ListItem","position":2,"name":"Implementations"}]},{"@type":"WebSite","@id":"https:\/\/www.advacom.pl\/en\/#website","url":"https:\/\/www.advacom.pl\/en\/","name":"AdvaCom","description":"Od ponad 30 lat na polskim rynku informatycznym","publisher":{"@id":"https:\/\/www.advacom.pl\/en\/#organization"},"potentialAction":[{"@type":"SearchAction","target":{"@type":"EntryPoint","urlTemplate":"https:\/\/www.advacom.pl\/en\/?s={search_term_string}"},"query-input":{"@type":"PropertyValueSpecification","valueRequired":true,"valueName":"search_term_string"}}],"inLanguage":"en-US"},{"@type":"Organization","@id":"https:\/\/www.advacom.pl\/en\/#organization","name":"AdvaCom Sp. z o.o.","url":"https:\/\/www.advacom.pl\/en\/","logo":{"@type":"ImageObject","inLanguage":"en-US","@id":"https:\/\/www.advacom.pl\/en\/#\/schema\/logo\/image\/","url":"https:\/\/www.advacom.pl\/wp-content\/uploads\/2018\/09\/logo2.png","contentUrl":"https:\/\/www.advacom.pl\/wp-content\/uploads\/2018\/09\/logo2.png","width":245,"height":68,"caption":"AdvaCom Sp. z o.o."},"image":{"@id":"https:\/\/www.advacom.pl\/en\/#\/schema\/logo\/image\/"}}]}},"_links":{"self":[{"href":"https:\/\/www.advacom.pl\/en\/wp-json\/wp\/v2\/pages\/920","targetHints":{"allow":["GET"]}}],"collection":[{"href":"https:\/\/www.advacom.pl\/en\/wp-json\/wp\/v2\/pages"}],"about":[{"href":"https:\/\/www.advacom.pl\/en\/wp-json\/wp\/v2\/types\/page"}],"author":[{"embeddable":true,"href":"https:\/\/www.advacom.pl\/en\/wp-json\/wp\/v2\/users\/4"}],"replies":[{"embeddable":true,"href":"https:\/\/www.advacom.pl\/en\/wp-json\/wp\/v2\/comments?post=920"}],"version-history":[{"count":4,"href":"https:\/\/www.advacom.pl\/en\/wp-json\/wp\/v2\/pages\/920\/revisions"}],"predecessor-version":[{"id":1299,"href":"https:\/\/www.advacom.pl\/en\/wp-json\/wp\/v2\/pages\/920\/revisions\/1299"}],"wp:attachment":[{"href":"https:\/\/www.advacom.pl\/en\/wp-json\/wp\/v2\/media?parent=920"}],"curies":[{"name":"wp","href":"https:\/\/api.w.org\/{rel}","templated":true}]}}